{"id":790,"date":"2026-02-26T04:38:02","date_gmt":"2026-02-26T04:38:02","guid":{"rendered":"https:\/\/logistic.wooworld.eu\/?page_id=790"},"modified":"2026-03-13T13:01:54","modified_gmt":"2026-03-13T13:01:54","slug":"globalais-partneru-tikls","status":"publish","type":"page","link":"https:\/\/logistic.wooworld.eu\/en\/globalais-partneru-tikls\/","title":{"rendered":"GLOBAL PARTNER NETWORK"},"content":{"rendered":"<div data-elementor-type=\"wp-page\" data-elementor-id=\"790\" class=\"elementor elementor-790\" data-elementor-post-type=\"page\">\n\t\t\t\t<div class=\"elementor-element elementor-element-6dcfbf21 e-flex e-con-boxed e-con e-parent\" data-id=\"6dcfbf21\" data-element_type=\"container\" data-e-type=\"container\" data-settings=\"{&quot;background_background&quot;:&quot;classic&quot;}\">\n\t\t\t\t\t<div class=\"e-con-inner\">\n\t\t\t\t<div class=\"elementor-element elementor-element-7e6ef471 elementor-invisible elementor-widget elementor-widget-heading\" data-id=\"7e6ef471\" data-element_type=\"widget\" data-e-type=\"widget\" data-settings=\"{&quot;_animation&quot;:&quot;fadeInUp&quot;}\" data-widget_type=\"heading.default\">\n\t\t\t\t\t<h1 class=\"elementor-heading-title elementor-size-default\">GLOBAL PARTNER NETWORK\n<\/h1>\t\t\t\t<\/div>\n\t\t\t\t\t<\/div>\n\t\t\t\t<\/div>\n\t\t<div class=\"elementor-element elementor-element-233f738e e-flex e-con-boxed e-con e-parent\" data-id=\"233f738e\" data-element_type=\"container\" data-e-type=\"container\">\n\t\t\t\t\t<div class=\"e-con-inner\">\n\t\t<div class=\"elementor-element elementor-element-2541ad0b e-con-full e-flex e-con e-child\" data-id=\"2541ad0b\" data-element_type=\"container\" data-e-type=\"container\">\n\t\t\t\t<div class=\"elementor-element elementor-element-64d9a09 elementor-icon-list--layout-traditional elementor-list-item-link-full_width elementor-invisible elementor-widget elementor-widget-icon-list\" data-id=\"64d9a09\" data-element_type=\"widget\" data-e-type=\"widget\" data-settings=\"{&quot;_animation&quot;:&quot;fadeInUp&quot;}\" data-widget_type=\"icon-list.default\">\n\t\t\t\t\t\t\t<ul class=\"elementor-icon-list-items\">\n\t\t\t\t\t\t\t<li class=\"elementor-icon-list-item\">\n\t\t\t\t\t\t\t\t\t\t\t<span class=\"elementor-icon-list-icon\">\n\t\t\t\t\t\t\t<svg aria-hidden=\"true\" class=\"e-font-icon-svg e-fas-arrow-alt-circle-right\" viewbox=\"0 0 512 512\" xmlns=\"http:\/\/www.w3.org\/2000\/svg\"><path d=\"M256 8c137 0 248 111 248 248S393 504 256 504 8 393 8 256 119 8 256 8zM140 300h116v70.9c0 10.7 13 16.1 20.5 8.5l114.3-114.9c4.7-4.7 4.7-12.2 0-16.9l-114.3-115c-7.6-7.6-20.5-2.2-20.5 8.5V212H140c-6.6 0-12 5.4-12 12v64c0 6.6 5.4 12 12 12z\"><\/path><\/svg>\t\t\t\t\t\t<\/span>\n\t\t\t\t\t\t\t\t\t\t<span class=\"elementor-icon-list-text\">GLOBAL PARTNER NETWORK<\/span>\n\t\t\t\t\t\t\t\t\t<\/li>\n\t\t\t\t\t\t<\/ul>\n\t\t\t\t\t\t<\/div>\n\t\t\t\t<div class=\"elementor-element elementor-element-71531d1 elementor-icon-list--layout-traditional elementor-list-item-link-full_width elementor-invisible elementor-widget elementor-widget-icon-list\" data-id=\"71531d1\" data-element_type=\"widget\" data-e-type=\"widget\" data-settings=\"{&quot;_animation&quot;:&quot;fadeInUp&quot;}\" data-widget_type=\"icon-list.default\">\n\t\t\t\t\t\t\t<ul class=\"elementor-icon-list-items\">\n\t\t\t\t\t\t\t<li class=\"elementor-icon-list-item\">\n\t\t\t\t\t\t\t\t\t\t\t<a href=\"\/en\/noliktavas-pakalpojumi\/\">\n\n\t\t\t\t\t\t\t\t\t\t\t\t<span class=\"elementor-icon-list-icon\">\n\t\t\t\t\t\t\t<svg aria-hidden=\"true\" class=\"e-font-icon-svg e-fas-arrow-alt-circle-right\" viewbox=\"0 0 512 512\" xmlns=\"http:\/\/www.w3.org\/2000\/svg\"><path d=\"M256 8c137 0 248 111 248 248S393 504 256 504 8 393 8 256 119 8 256 8zM140 300h116v70.9c0 10.7 13 16.1 20.5 8.5l114.3-114.9c4.7-4.7 4.7-12.2 0-16.9l-114.3-115c-7.6-7.6-20.5-2.2-20.5 8.5V212H140c-6.6 0-12 5.4-12 12v64c0 6.6 5.4 12 12 12z\"><\/path><\/svg>\t\t\t\t\t\t<\/span>\n\t\t\t\t\t\t\t\t\t\t<span class=\"elementor-icon-list-text\"> WAREHOUSING SERVICES, CUSTOMS WAREHOUSE AND 3PL<\/span>\n\t\t\t\t\t\t\t\t\t\t\t<\/a>\n\t\t\t\t\t\t\t\t\t<\/li>\n\t\t\t\t\t\t\t\t<li class=\"elementor-icon-list-item\">\n\t\t\t\t\t\t\t\t\t\t\t<a href=\"\/en\/brokeri\/\">\n\n\t\t\t\t\t\t\t\t\t\t\t\t<span class=\"elementor-icon-list-icon\">\n\t\t\t\t\t\t\t<svg aria-hidden=\"true\" class=\"e-font-icon-svg e-fas-arrow-alt-circle-right\" viewbox=\"0 0 512 512\" xmlns=\"http:\/\/www.w3.org\/2000\/svg\"><path d=\"M256 8c137 0 248 111 248 248S393 504 256 504 8 393 8 256 119 8 256 8zM140 300h116v70.9c0 10.7 13 16.1 20.5 8.5l114.3-114.9c4.7-4.7 4.7-12.2 0-16.9l-114.3-115c-7.6-7.6-20.5-2.2-20.5 8.5V212H140c-6.6 0-12 5.4-12 12v64c0 6.6 5.4 12 12 12z\"><\/path><\/svg>\t\t\t\t\t\t<\/span>\n\t\t\t\t\t\t\t\t\t\t<span class=\"elementor-icon-list-text\">CUSTOMS BROKERAGE SERVICES<\/span>\n\t\t\t\t\t\t\t\t\t\t\t<\/a>\n\t\t\t\t\t\t\t\t\t<\/li>\n\t\t\t\t\t\t\t\t<li class=\"elementor-icon-list-item\">\n\t\t\t\t\t\t\t\t\t\t\t<a href=\"\/en\/kravu-atbalsts\/\">\n\n\t\t\t\t\t\t\t\t\t\t\t\t<span class=\"elementor-icon-list-icon\">\n\t\t\t\t\t\t\t<svg aria-hidden=\"true\" class=\"e-font-icon-svg e-fas-arrow-alt-circle-right\" viewbox=\"0 0 512 512\" xmlns=\"http:\/\/www.w3.org\/2000\/svg\"><path d=\"M256 8c137 0 248 111 248 248S393 504 256 504 8 393 8 256 119 8 256 8zM140 300h116v70.9c0 10.7 13 16.1 20.5 8.5l114.3-114.9c4.7-4.7 4.7-12.2 0-16.9l-114.3-115c-7.6-7.6-20.5-2.2-20.5 8.5V212H140c-6.6 0-12 5.4-12 12v64c0 6.6 5.4 12 12 12z\"><\/path><\/svg>\t\t\t\t\t\t<\/span>\n\t\t\t\t\t\t\t\t\t\t<span class=\"elementor-icon-list-text\">AIR AND SEA FREIGHT SUPPORT<\/span>\n\t\t\t\t\t\t\t\t\t\t\t<\/a>\n\t\t\t\t\t\t\t\t\t<\/li>\n\t\t\t\t\t\t\t\t<li class=\"elementor-icon-list-item\">\n\t\t\t\t\t\t\t\t\t\t\t<a href=\"\/en\/gala-piegade\/\">\n\n\t\t\t\t\t\t\t\t\t\t\t\t<span class=\"elementor-icon-list-icon\">\n\t\t\t\t\t\t\t<svg aria-hidden=\"true\" class=\"e-font-icon-svg e-fas-arrow-alt-circle-right\" viewbox=\"0 0 512 512\" xmlns=\"http:\/\/www.w3.org\/2000\/svg\"><path d=\"M256 8c137 0 248 111 248 248S393 504 256 504 8 393 8 256 119 8 256 8zM140 300h116v70.9c0 10.7 13 16.1 20.5 8.5l114.3-114.9c4.7-4.7 4.7-12.2 0-16.9l-114.3-115c-7.6-7.6-20.5-2.2-20.5 8.5V212H140c-6.6 0-12 5.4-12 12v64c0 6.6 5.4 12 12 12z\"><\/path><\/svg>\t\t\t\t\t\t<\/span>\n\t\t\t\t\t\t\t\t\t\t<span class=\"elementor-icon-list-text\">B2B DISTRIBUTION AND LAST MILE DELIVERIES<\/span>\n\t\t\t\t\t\t\t\t\t\t\t<\/a>\n\t\t\t\t\t\t\t\t\t<\/li>\n\t\t\t\t\t\t<\/ul>\n\t\t\t\t\t\t<\/div>\n\t\t<div class=\"elementor-element elementor-element-47a9237 e-con-full e-flex e-con e-child\" data-id=\"47a9237\" data-element_type=\"container\" data-e-type=\"container\">\n\t\t\t\t<div class=\"elementor-element elementor-element-b232658 elementor-tablet-align-right elementor-mobile-align-right elementor-invisible elementor-widget elementor-widget-button\" data-id=\"b232658\" data-element_type=\"widget\" data-e-type=\"widget\" data-settings=\"{&quot;_animation&quot;:&quot;fadeInDown&quot;}\" data-widget_type=\"button.default\">\n\t\t\t\t\t\t\t\t\t\t<a class=\"elementor-button elementor-button-link elementor-size-sm\" href=\"\/en\/application\/\">\n\t\t\t\t\t\t<span class=\"elementor-button-content-wrapper\">\n\t\t\t\t\t\t<span class=\"elementor-button-icon\">\n\t\t\t\t<svg aria-hidden=\"true\" class=\"e-font-icon-svg e-far-arrow-alt-circle-right\" viewbox=\"0 0 512 512\" xmlns=\"http:\/\/www.w3.org\/2000\/svg\"><path d=\"M504 256C504 119 393 8 256 8S8 119 8 256s111 248 248 248 248-111 248-248zm-448 0c0-110.5 89.5-200 200-200s200 89.5 200 200-89.5 200-200 200S56 366.5 56 256zm72 20v-40c0-6.6 5.4-12 12-12h116v-67c0-10.7 12.9-16 20.5-8.5l99 99c4.7 4.7 4.7 12.3 0 17l-99 99c-7.6 7.6-20.5 2.2-20.5-8.5v-67H140c-6.6 0-12-5.4-12-12z\"><\/path><\/svg>\t\t\t<\/span>\n\t\t\t\t\t\t\t\t\t<span class=\"elementor-button-text\">Request a quote<\/span>\n\t\t\t\t\t<\/span>\n\t\t\t\t\t<\/a>\n\t\t\t\t\t\t\t\t<\/div>\n\t\t\t\t<\/div>\n\t\t\t\t<\/div>\n\t\t<div class=\"elementor-element elementor-element-5f347bc7 e-con-full e-flex e-con e-child\" data-id=\"5f347bc7\" data-element_type=\"container\" data-e-type=\"container\">\n\t\t\t\t<div class=\"elementor-element elementor-element-eb36c3e elementor-invisible elementor-widget elementor-widget-heading\" data-id=\"eb36c3e\" data-element_type=\"widget\" data-e-type=\"widget\" data-settings=\"{&quot;_animation&quot;:&quot;fadeInUp&quot;}\" data-widget_type=\"heading.default\">\n\t\t\t\t\t<h3 class=\"elementor-heading-title elementor-size-default\">GLOBAL PARTNER NETWORK<\/h3>\t\t\t\t<\/div>\n\t\t\t\t<div class=\"elementor-element elementor-element-2567f1d5 elementor-invisible elementor-widget elementor-widget-text-editor\" data-id=\"2567f1d5\" data-element_type=\"widget\" data-e-type=\"widget\" data-settings=\"{&quot;_animation&quot;:&quot;fadeInUp&quot;}\" data-widget_type=\"text-editor.default\">\n\t\t\t\t\t\t\t\t\t<p class=\"p1\">Mars Logistics cooperates with leading international freight forwarding networks, ensuring broad global coverage and reliable partner relationships across Europe, North America, the Middle East, and Asia. We work with trusted agents and freight forwarders who maintain high standards of quality and compliance.<\/p><p class=\"p1\">Through this cooperation network, we receive requests from foreign logistics companies and organize the handling of shipments entering the European Union through Latvia. We provide full coordination from the moment of arrival through customs clearance, warehouse handling, and onward distribution.<\/p>\t\t\t\t\t\t\t\t<\/div>\n\t\t\t\t<div class=\"elementor-element elementor-element-4cb114e6 elementor-invisible elementor-widget elementor-widget-image\" data-id=\"4cb114e6\" data-element_type=\"widget\" data-e-type=\"widget\" data-settings=\"{&quot;_animation&quot;:&quot;fadeInUp&quot;}\" data-widget_type=\"image.default\">\n\t\t\t\t\t\t\t\t\t\t\t\t\t\t\t<img fetchpriority=\"high\" decoding=\"async\" width=\"800\" height=\"533\" src=\"https:\/\/logistic.wooworld.eu\/wp-content\/uploads\/2026\/02\/Untitled-142.jpg\" class=\"attachment-full size-full wp-image-870\" alt=\"\" srcset=\"https:\/\/logistic.wooworld.eu\/wp-content\/uploads\/2026\/02\/Untitled-142.jpg 800w, https:\/\/logistic.wooworld.eu\/wp-content\/uploads\/2026\/02\/Untitled-142-300x200.jpg 300w, https:\/\/logistic.wooworld.eu\/wp-content\/uploads\/2026\/02\/Untitled-142-768x512.jpg 768w\" sizes=\"(max-width: 800px) 100vw, 800px\" \/>\t\t\t\t\t\t\t\t\t\t\t\t\t\t\t<\/div>\n\t\t\t\t<div class=\"elementor-element elementor-element-43b2905 elementor-invisible elementor-widget elementor-widget-text-editor\" data-id=\"43b2905\" data-element_type=\"widget\" data-e-type=\"widget\" data-settings=\"{&quot;_animation&quot;:&quot;fadeInUp&quot;}\" data-widget_type=\"text-editor.default\">\n\t\t\t\t\t\t\t\t\t<p class=\"p1\">For our clients, this means access to international logistics infrastructure without the need to work with multiple separate service providers. We act as a single point of contact, combining customs brokerage, warehousing, 3PL, and transport solutions.<\/p><p class=\"p1\">This approach makes it possible to maintain full control over shipment flow, reduce communication risks, and ensure a predictable and efficient supply chain on an international scale.<\/p>\t\t\t\t\t\t\t\t<\/div>\n\t\t<div class=\"elementor-element elementor-element-13f8faef e-con-full e-flex elementor-invisible e-con e-child\" data-id=\"13f8faef\" data-element_type=\"container\" data-e-type=\"container\" data-settings=\"{&quot;animation&quot;:&quot;fadeInUp&quot;}\">\n\t\t\t\t<div class=\"elementor-element elementor-element-74323b24 elementor-widget__width-initial elementor-widget-mobile__width-inherit elementor-widget elementor-widget-heading\" data-id=\"74323b24\" data-element_type=\"widget\" data-e-type=\"widget\" data-widget_type=\"heading.default\">\n\t\t\t\t\t<h5 class=\"elementor-heading-title elementor-size-default\">01<\/h5>\t\t\t\t<\/div>\n\t\t\t\t<div class=\"elementor-element elementor-element-338a44fd elementor-position-right elementor-position-top elementor-widget__width-initial elementor-widget-mobile__width-inherit elementor-vertical-align-top elementor-widget elementor-widget-image-box\" data-id=\"338a44fd\" data-element_type=\"widget\" data-e-type=\"widget\" data-widget_type=\"image-box.default\">\n\t\t\t\t\t<div class=\"elementor-image-box-wrapper\"><figure class=\"elementor-image-box-img\"><img decoding=\"async\" width=\"512\" height=\"512\" src=\"https:\/\/logistic.wooworld.eu\/wp-content\/uploads\/2026\/02\/check2.png\" class=\"attachment-full size-full wp-image-759\" alt=\"\" srcset=\"https:\/\/logistic.wooworld.eu\/wp-content\/uploads\/2026\/02\/check2.png 512w, https:\/\/logistic.wooworld.eu\/wp-content\/uploads\/2026\/02\/check2-300x300.png 300w, https:\/\/logistic.wooworld.eu\/wp-content\/uploads\/2026\/02\/check2-150x150.png 150w\" sizes=\"(max-width: 512px) 100vw, 512px\" \/><\/figure><div class=\"elementor-image-box-content\"><h5 class=\"elementor-image-box-title\">International cooperation and coverage<\/h5><p class=\"elementor-image-box-description\">We cooperate with trusted freight partners worldwide, ensuring a stable and proven global logistics network.\n<\/p><\/div><\/div>\t\t\t\t<\/div>\n\t\t\t\t<\/div>\n\t\t<div class=\"elementor-element elementor-element-60a3b6b6 e-con-full e-flex elementor-invisible e-con e-child\" data-id=\"60a3b6b6\" data-element_type=\"container\" data-e-type=\"container\" data-settings=\"{&quot;animation&quot;:&quot;fadeInUp&quot;}\">\n\t\t\t\t<div class=\"elementor-element elementor-element-3c5d0491 elementor-widget__width-initial elementor-widget-mobile__width-inherit elementor-widget elementor-widget-heading\" data-id=\"3c5d0491\" data-element_type=\"widget\" data-e-type=\"widget\" data-widget_type=\"heading.default\">\n\t\t\t\t\t<h5 class=\"elementor-heading-title elementor-size-default\">02<\/h5>\t\t\t\t<\/div>\n\t\t\t\t<div class=\"elementor-element elementor-element-2d65c4e3 elementor-position-right elementor-position-top elementor-widget__width-initial elementor-widget-mobile__width-inherit elementor-vertical-align-top elementor-widget elementor-widget-image-box\" data-id=\"2d65c4e3\" data-element_type=\"widget\" data-e-type=\"widget\" data-widget_type=\"image-box.default\">\n\t\t\t\t\t<div class=\"elementor-image-box-wrapper\"><figure class=\"elementor-image-box-img\"><img decoding=\"async\" width=\"512\" height=\"512\" src=\"https:\/\/logistic.wooworld.eu\/wp-content\/uploads\/2026\/02\/check2.png\" class=\"attachment-full size-full wp-image-759\" alt=\"\" srcset=\"https:\/\/logistic.wooworld.eu\/wp-content\/uploads\/2026\/02\/check2.png 512w, https:\/\/logistic.wooworld.eu\/wp-content\/uploads\/2026\/02\/check2-300x300.png 300w, https:\/\/logistic.wooworld.eu\/wp-content\/uploads\/2026\/02\/check2-150x150.png 150w\" sizes=\"(max-width: 512px) 100vw, 512px\" \/><\/figure><div class=\"elementor-image-box-content\"><h5 class=\"elementor-image-box-title\">Coordination of inbound shipments within the EU<\/h5><p class=\"elementor-image-box-description\">We organize the handling of shipments from foreign freight forwarders and their entry into the European Union through Latvia, with full customs and warehouse support.\n<\/p><\/div><\/div>\t\t\t\t<\/div>\n\t\t\t\t<\/div>\n\t\t<div class=\"elementor-element elementor-element-53efb56b e-con-full e-flex elementor-invisible e-con e-child\" data-id=\"53efb56b\" data-element_type=\"container\" data-e-type=\"container\" data-settings=\"{&quot;animation&quot;:&quot;fadeInUp&quot;}\">\n\t\t\t\t<div class=\"elementor-element elementor-element-7a004d8e elementor-widget__width-initial elementor-widget-mobile__width-inherit elementor-widget elementor-widget-heading\" data-id=\"7a004d8e\" data-element_type=\"widget\" data-e-type=\"widget\" data-widget_type=\"heading.default\">\n\t\t\t\t\t<h5 class=\"elementor-heading-title elementor-size-default\">03<\/h5>\t\t\t\t<\/div>\n\t\t\t\t<div class=\"elementor-element elementor-element-7c7f63e2 elementor-position-right elementor-position-top elementor-widget__width-initial elementor-widget-mobile__width-inherit elementor-vertical-align-top elementor-widget elementor-widget-image-box\" data-id=\"7c7f63e2\" data-element_type=\"widget\" data-e-type=\"widget\" data-widget_type=\"image-box.default\">\n\t\t\t\t\t<div class=\"elementor-image-box-wrapper\"><figure class=\"elementor-image-box-img\"><img decoding=\"async\" width=\"512\" height=\"512\" src=\"https:\/\/logistic.wooworld.eu\/wp-content\/uploads\/2026\/02\/check2.png\" class=\"attachment-full size-full wp-image-759\" alt=\"\" srcset=\"https:\/\/logistic.wooworld.eu\/wp-content\/uploads\/2026\/02\/check2.png 512w, https:\/\/logistic.wooworld.eu\/wp-content\/uploads\/2026\/02\/check2-300x300.png 300w, https:\/\/logistic.wooworld.eu\/wp-content\/uploads\/2026\/02\/check2-150x150.png 150w\" sizes=\"(max-width: 512px) 100vw, 512px\" \/><\/figure><div class=\"elementor-image-box-content\"><h5 class=\"elementor-image-box-title\">Single point of contact for the entire supply chain<\/h5><p class=\"elementor-image-box-description\">We combine customs brokerage, warehousing, 3PL, and distribution into one coordinated solution, ensuring an efficient and controlled delivery process.<\/p><\/div><\/div>\t\t\t\t<\/div>\n\t\t\t\t<\/div>\n\t\t\t\t<\/div>\n\t\t\t\t\t<\/div>\n\t\t\t\t<\/div>\n\t\t\t\t<\/div>","protected":false},"excerpt":{"rendered":"<p>GLOB\u0100LAIS PARTNERU T\u012aKLS GLOB\u0100LAIS PARTNERU T\u012aKLS NOLIKTAVAS PAKALPOJUMI, MUITAS NOLIKTAVA UN 3PL MUITAS BROKERU PAKALPOJUMI GAISA UN J\u016aRAS KRAVU ATBALSTS B2B IZPLAT\u012a\u0160ANA UN P\u0112D\u0112J\u0100S J\u016aDZES PIEG\u0100DES Sa\u0146emt pied\u0101v\u0101jumu GLOB\u0100LAIS PARTNERU T\u012aKLS Mars Logistics sadarbojas ar vado\u0161ajiem starptautiskajiem kravu p\u0101rvad\u0101jumu t\u012bkliem, nodro\u0161inot pla\u0161u glob\u0101lo p\u0101rkl\u0101jumu un uzticamas partneru attiec\u012bbas Eirop\u0101, Zieme\u013camerik\u0101, Tuvajos Austrumos un \u0100zij\u0101. M\u0113s [&hellip;]<\/p>\n","protected":false},"author":1,"featured_media":0,"parent":0,"menu_order":0,"comment_status":"closed","ping_status":"closed","template":"elementor_header_footer","meta":{"footnotes":""},"class_list":["post-790","page","type-page","status-publish","hentry"],"_links":{"self":[{"href":"https:\/\/logistic.wooworld.eu\/en\/wp-json\/wp\/v2\/pages\/790","targetHints":{"allow":["GET"]}}],"collection":[{"href":"https:\/\/logistic.wooworld.eu\/en\/wp-json\/wp\/v2\/pages"}],"about":[{"href":"https:\/\/logistic.wooworld.eu\/en\/wp-json\/wp\/v2\/types\/page"}],"author":[{"embeddable":true,"href":"https:\/\/logistic.wooworld.eu\/en\/wp-json\/wp\/v2\/users\/1"}],"replies":[{"embeddable":true,"href":"https:\/\/logistic.wooworld.eu\/en\/wp-json\/wp\/v2\/comments?post=790"}],"version-history":[{"count":3,"href":"https:\/\/logistic.wooworld.eu\/en\/wp-json\/wp\/v2\/pages\/790\/revisions"}],"predecessor-version":[{"id":1195,"href":"https:\/\/logistic.wooworld.eu\/en\/wp-json\/wp\/v2\/pages\/790\/revisions\/1195"}],"wp:attachment":[{"href":"https:\/\/logistic.wooworld.eu\/en\/wp-json\/wp\/v2\/media?parent=790"}],"curies":[{"name":"wp","href":"https:\/\/api.w.org\/{rel}","templated":true}]}}