{"id":497,"date":"2026-02-25T18:52:57","date_gmt":"2026-02-25T18:52:57","guid":{"rendered":"https:\/\/logistic.wooworld.eu\/?page_id=497"},"modified":"2026-03-13T13:04:13","modified_gmt":"2026-03-13T13:04:13","slug":"pakalpojumi","status":"publish","type":"page","link":"https:\/\/logistic.wooworld.eu\/en\/pakalpojumi\/","title":{"rendered":"Services"},"content":{"rendered":"<div data-elementor-type=\"wp-page\" data-elementor-id=\"497\" class=\"elementor elementor-497\" data-elementor-post-type=\"page\">\n\t\t\t\t<div class=\"elementor-element elementor-element-38f3986a e-flex e-con-boxed e-con e-parent\" data-id=\"38f3986a\" data-element_type=\"container\" data-e-type=\"container\" data-settings=\"{&quot;background_background&quot;:&quot;classic&quot;}\">\n\t\t\t\t\t<div class=\"e-con-inner\">\n\t\t\t\t<div class=\"elementor-element elementor-element-2e3a4a8 elementor-invisible elementor-widget elementor-widget-heading\" data-id=\"2e3a4a8\" data-element_type=\"widget\" data-e-type=\"widget\" data-settings=\"{&quot;_animation&quot;:&quot;fadeInUp&quot;}\" data-widget_type=\"heading.default\">\n\t\t\t\t\t<h1 class=\"elementor-heading-title elementor-size-default\">Services<\/h1>\t\t\t\t<\/div>\n\t\t\t\t\t<\/div>\n\t\t\t\t<\/div>\n\t\t<div class=\"elementor-element elementor-element-195dc571 e-flex e-con-boxed e-con e-parent\" data-id=\"195dc571\" data-element_type=\"container\" data-e-type=\"container\" data-settings=\"{&quot;background_background&quot;:&quot;classic&quot;}\">\n\t\t\t\t\t<div class=\"e-con-inner\">\n\t\t\t\t<div class=\"elementor-element elementor-element-318311e3 elementor-widget__width-initial elementor-widget-mobile__width-auto elementor-invisible elementor-widget elementor-widget-heading\" data-id=\"318311e3\" data-element_type=\"widget\" data-e-type=\"widget\" data-settings=\"{&quot;_animation&quot;:&quot;fadeInUp&quot;}\" data-widget_type=\"heading.default\">\n\t\t\t\t\t<h2 class=\"elementor-heading-title elementor-size-default\">End-to-end logistics for all industries<\/h2>\t\t\t\t<\/div>\n\t\t<div class=\"elementor-element elementor-element-3d40107 e-grid e-con-full e-con e-child\" data-id=\"3d40107\" data-element_type=\"container\" data-e-type=\"container\">\n\t\t\t\t<div class=\"elementor-element elementor-element-56cbdbf2 elementor-position-top elementor-invisible elementor-widget elementor-widget-image-box\" data-id=\"56cbdbf2\" data-element_type=\"widget\" data-e-type=\"widget\" data-settings=\"{&quot;_animation&quot;:&quot;fadeInUp&quot;}\" data-widget_type=\"image-box.default\">\n\t\t\t\t\t<div class=\"elementor-image-box-wrapper\"><figure class=\"elementor-image-box-img\"><a href=\"\/en\/noliktavas-pakalpojumi\/\" tabindex=\"-1\"><img decoding=\"async\" width=\"192\" height=\"192\" src=\"https:\/\/logistic.wooworld.eu\/wp-content\/uploads\/2026\/02\/24.png\" class=\"elementor-animation-grow attachment-full size-full wp-image-340\" alt=\"\" srcset=\"https:\/\/logistic.wooworld.eu\/wp-content\/uploads\/2026\/02\/24.png 192w, https:\/\/logistic.wooworld.eu\/wp-content\/uploads\/2026\/02\/24-150x150.png 150w\" sizes=\"(max-width: 192px) 100vw, 192px\" \/><\/a><\/figure><div class=\"elementor-image-box-content\"><h5 class=\"elementor-image-box-title\"><a href=\"\/en\/noliktavas-pakalpojumi\/\">WAREHOUSING SERVICES, CUSTOMS WAREHOUSE AND 3PL<\/a><\/h5><p class=\"elementor-image-box-description\">Secure storage, customs status, and full 3PL services including order fulfillment, labeling, and distribution.\n<\/p><\/div><\/div>\t\t\t\t<\/div>\n\t\t\t\t<div class=\"elementor-element elementor-element-436e15b2 elementor-position-top elementor-invisible elementor-widget elementor-widget-image-box\" data-id=\"436e15b2\" data-element_type=\"widget\" data-e-type=\"widget\" data-settings=\"{&quot;_animation&quot;:&quot;fadeInUp&quot;}\" data-widget_type=\"image-box.default\">\n\t\t\t\t\t<div class=\"elementor-image-box-wrapper\"><figure class=\"elementor-image-box-img\"><a href=\"\/en\/brokeri\/\" tabindex=\"-1\"><img decoding=\"async\" width=\"192\" height=\"192\" src=\"https:\/\/logistic.wooworld.eu\/wp-content\/uploads\/2026\/02\/10.png\" class=\"elementor-animation-grow attachment-full size-full wp-image-329\" alt=\"\" srcset=\"https:\/\/logistic.wooworld.eu\/wp-content\/uploads\/2026\/02\/10.png 192w, https:\/\/logistic.wooworld.eu\/wp-content\/uploads\/2026\/02\/10-150x150.png 150w\" sizes=\"(max-width: 192px) 100vw, 192px\" \/><\/a><\/figure><div class=\"elementor-image-box-content\"><h5 class=\"elementor-image-box-title\"><a href=\"\/en\/brokeri\/\">CUSTOMS BROKERAGE SERVICES<\/a><\/h5><p class=\"elementor-image-box-description\">Preparation of import, export, and transit declarations with professional customs duty and documentation administration.\n<\/p><\/div><\/div>\t\t\t\t<\/div>\n\t\t\t\t<div class=\"elementor-element elementor-element-7191da43 elementor-position-top elementor-invisible elementor-widget elementor-widget-image-box\" data-id=\"7191da43\" data-element_type=\"widget\" data-e-type=\"widget\" data-settings=\"{&quot;_animation&quot;:&quot;fadeInUp&quot;}\" data-widget_type=\"image-box.default\">\n\t\t\t\t\t<div class=\"elementor-image-box-wrapper\"><figure class=\"elementor-image-box-img\"><a href=\"\/en\/kravu-atbalsts\/\" tabindex=\"-1\"><img decoding=\"async\" width=\"192\" height=\"192\" src=\"https:\/\/logistic.wooworld.eu\/wp-content\/uploads\/2026\/02\/17.png\" class=\"elementor-animation-grow attachment-full size-full wp-image-317\" alt=\"\" srcset=\"https:\/\/logistic.wooworld.eu\/wp-content\/uploads\/2026\/02\/17.png 192w, https:\/\/logistic.wooworld.eu\/wp-content\/uploads\/2026\/02\/17-150x150.png 150w\" sizes=\"(max-width: 192px) 100vw, 192px\" \/><\/a><\/figure><div class=\"elementor-image-box-content\"><h5 class=\"elementor-image-box-title\"><a href=\"\/en\/kravu-atbalsts\/\">AIR AND SEA FREIGHT SUPPORT<\/a><\/h5><p class=\"elementor-image-box-description\">Full support for air and sea freight \u2014 from documentation to coordination and customs clearance.\n<\/p><\/div><\/div>\t\t\t\t<\/div>\n\t\t\t\t<div class=\"elementor-element elementor-element-5a3a5ecf elementor-position-top elementor-invisible elementor-widget elementor-widget-image-box\" data-id=\"5a3a5ecf\" data-element_type=\"widget\" data-e-type=\"widget\" data-settings=\"{&quot;_animation&quot;:&quot;fadeInUp&quot;}\" data-widget_type=\"image-box.default\">\n\t\t\t\t\t<div class=\"elementor-image-box-wrapper\"><figure class=\"elementor-image-box-img\"><a href=\"\/en\/gala-piegade\/\" tabindex=\"-1\"><img loading=\"lazy\" decoding=\"async\" width=\"192\" height=\"192\" src=\"https:\/\/logistic.wooworld.eu\/wp-content\/uploads\/2026\/02\/15.png\" class=\"elementor-animation-grow attachment-full size-full wp-image-314\" alt=\"\" srcset=\"https:\/\/logistic.wooworld.eu\/wp-content\/uploads\/2026\/02\/15.png 192w, https:\/\/logistic.wooworld.eu\/wp-content\/uploads\/2026\/02\/15-150x150.png 150w\" sizes=\"(max-width: 192px) 100vw, 192px\" \/><\/a><\/figure><div class=\"elementor-image-box-content\"><h5 class=\"elementor-image-box-title\"><a href=\"\/en\/gala-piegade\/\">B2B DISTRIBUTION AND LAST MILE DELIVERIES<\/a><\/h5><p class=\"elementor-image-box-description\">Efficient B2B distribution and last-mile delivery across Latvia and the Baltics.\n<\/p><\/div><\/div>\t\t\t\t<\/div>\n\t\t\t\t<div class=\"elementor-element elementor-element-7c196e1c elementor-position-top elementor-invisible elementor-widget elementor-widget-image-box\" data-id=\"7c196e1c\" data-element_type=\"widget\" data-e-type=\"widget\" data-settings=\"{&quot;_animation&quot;:&quot;fadeInUp&quot;}\" data-widget_type=\"image-box.default\">\n\t\t\t\t\t<div class=\"elementor-image-box-wrapper\"><figure class=\"elementor-image-box-img\"><a href=\"\/en\/globalais-partneru-tikls\/\" tabindex=\"-1\"><img loading=\"lazy\" decoding=\"async\" width=\"192\" height=\"192\" src=\"https:\/\/logistic.wooworld.eu\/wp-content\/uploads\/2026\/02\/09.png\" class=\"elementor-animation-grow attachment-full size-full wp-image-323\" alt=\"\" srcset=\"https:\/\/logistic.wooworld.eu\/wp-content\/uploads\/2026\/02\/09.png 192w, https:\/\/logistic.wooworld.eu\/wp-content\/uploads\/2026\/02\/09-150x150.png 150w\" sizes=\"(max-width: 192px) 100vw, 192px\" \/><\/a><\/figure><div class=\"elementor-image-box-content\"><h5 class=\"elementor-image-box-title\"><a href=\"\/en\/globalais-partneru-tikls\/\">GLOBAL PARTNER NETWORK<\/a><\/h5><p class=\"elementor-image-box-description\">An international logistics partner network ensuring secure cargo movement worldwide.<\/p><\/div><\/div>\t\t\t\t<\/div>\n\t\t\t\t<\/div>\n\t\t\t\t\t<\/div>\n\t\t\t\t<\/div>\n\t\t<div class=\"elementor-element elementor-element-15f9a189 e-flex e-con-boxed e-con e-parent\" data-id=\"15f9a189\" data-element_type=\"container\" data-e-type=\"container\">\n\t\t\t\t\t<div class=\"e-con-inner\">\n\t\t<div class=\"elementor-element elementor-element-25e8dad7 e-con-full e-flex e-con e-child\" data-id=\"25e8dad7\" data-element_type=\"container\" data-e-type=\"container\">\n\t\t\t\t<div class=\"elementor-element elementor-element-4164e75c elementor-widget__width-initial elementor-widget-mobile__width-auto elementor-invisible elementor-widget elementor-widget-heading\" data-id=\"4164e75c\" data-element_type=\"widget\" data-e-type=\"widget\" data-settings=\"{&quot;_animation&quot;:&quot;fadeInUp&quot;}\" data-widget_type=\"heading.default\">\n\t\t\t\t\t<h2 class=\"elementor-heading-title elementor-size-default\">OUR STRATEGY AND RESPONSIBILITY<\/h2>\t\t\t\t<\/div>\n\t\t\t\t<div class=\"elementor-element elementor-element-365e122e elementor-invisible elementor-widget elementor-widget-text-editor\" data-id=\"365e122e\" data-element_type=\"widget\" data-e-type=\"widget\" data-settings=\"{&quot;_animation&quot;:&quot;fadeInUp&quot;}\" data-widget_type=\"text-editor.default\">\n\t\t\t\t\t\t\t\t\t<p class=\"p1\">Mars Logistics stands for quality, precision, and reliability. We offer flexibility and direct accountability that large logistics companies often cannot provide, ensuring that every shipment is handled with full attention and control. Our goal is to build long-term partnerships based on security, stability, and measurable results.<\/p>\t\t\t\t\t\t\t\t<\/div>\n\t\t\t\t<div class=\"elementor-element elementor-element-23daf40 elementor-tablet-align-right elementor-mobile-align-right elementor-align-right elementor-invisible elementor-widget elementor-widget-button\" data-id=\"23daf40\" data-element_type=\"widget\" data-e-type=\"widget\" data-settings=\"{&quot;_animation&quot;:&quot;fadeInDown&quot;}\" data-widget_type=\"button.default\">\n\t\t\t\t\t\t\t\t\t\t<a class=\"elementor-button elementor-button-link elementor-size-sm\" href=\"\/en\/application\/\">\n\t\t\t\t\t\t<span class=\"elementor-button-content-wrapper\">\n\t\t\t\t\t\t<span class=\"elementor-button-icon\">\n\t\t\t\t<svg aria-hidden=\"true\" class=\"e-font-icon-svg e-far-arrow-alt-circle-right\" viewbox=\"0 0 512 512\" xmlns=\"http:\/\/www.w3.org\/2000\/svg\"><path d=\"M504 256C504 119 393 8 256 8S8 119 8 256s111 248 248 248 248-111 248-248zm-448 0c0-110.5 89.5-200 200-200s200 89.5 200 200-89.5 200-200 200S56 366.5 56 256zm72 20v-40c0-6.6 5.4-12 12-12h116v-67c0-10.7 12.9-16 20.5-8.5l99 99c4.7 4.7 4.7 12.3 0 17l-99 99c-7.6 7.6-20.5 2.2-20.5-8.5v-67H140c-6.6 0-12-5.4-12-12z\"><\/path><\/svg>\t\t\t<\/span>\n\t\t\t\t\t\t\t\t\t<span class=\"elementor-button-text\">Request a quote<\/span>\n\t\t\t\t\t<\/span>\n\t\t\t\t\t<\/a>\n\t\t\t\t\t\t\t\t<\/div>\n\t\t\t\t<\/div>\n\t\t<div class=\"elementor-element elementor-element-2c142aad e-con-full e-flex e-con e-child\" data-id=\"2c142aad\" data-element_type=\"container\" data-e-type=\"container\">\n\t\t\t\t<div class=\"elementor-element elementor-element-458df800 elementor-invisible elementor-widget elementor-widget-image\" data-id=\"458df800\" data-element_type=\"widget\" data-e-type=\"widget\" data-settings=\"{&quot;_animation&quot;:&quot;fadeInUp&quot;}\" data-widget_type=\"image.default\">\n\t\t\t\t\t\t\t\t\t\t\t\t\t\t\t<img loading=\"lazy\" decoding=\"async\" width=\"750\" height=\"900\" src=\"https:\/\/logistic.wooworld.eu\/wp-content\/uploads\/2026\/02\/08.webp\" class=\"attachment-full size-full wp-image-321\" alt=\"\" srcset=\"https:\/\/logistic.wooworld.eu\/wp-content\/uploads\/2026\/02\/08.webp 750w, https:\/\/logistic.wooworld.eu\/wp-content\/uploads\/2026\/02\/08-250x300.webp 250w, https:\/\/logistic.wooworld.eu\/wp-content\/uploads\/2026\/02\/08-10x12.webp 10w\" sizes=\"(max-width: 750px) 100vw, 750px\" \/>\t\t\t\t\t\t\t\t\t\t\t\t\t\t\t<\/div>\n\t\t\t\t<\/div>\n\t\t\t\t\t<\/div>\n\t\t\t\t<\/div>\n\t\t\t\t<\/div>","protected":false},"excerpt":{"rendered":"<p>Pakalpojumi Pilna cikla lo\u0123istika vis\u0101m industrij\u0101m NOLIKTAVAS PAKALPOJUMI, MUITAS NOLIKTAVA UN 3PL Dro\u0161a uzglab\u0101\u0161ana, muitas statuss un pilna 3PL apkalpo\u0161ana ar komplekt\u0113\u0161anu, mar\u0137\u0113\u0161anu un distrib\u016bciju. MUITAS BROKERU PAKALPOJUMI Importa, eksporta un tranz\u012bta deklar\u0101ciju noform\u0113\u0161ana ar profesion\u0101lu muitas nodok\u013cu un dokument\u0101cijas administr\u0113\u0161anu. GAISA UN J\u016aRAS KRAVU ATBALSTS Pilns atbalsts gaisa un j\u016bras krav\u0101m \u2013 no dokument\u0101cijas [&hellip;]<\/p>\n","protected":false},"author":1,"featured_media":0,"parent":0,"menu_order":0,"comment_status":"closed","ping_status":"closed","template":"elementor_header_footer","meta":{"footnotes":""},"class_list":["post-497","page","type-page","status-publish","hentry"],"_links":{"self":[{"href":"https:\/\/logistic.wooworld.eu\/en\/wp-json\/wp\/v2\/pages\/497","targetHints":{"allow":["GET"]}}],"collection":[{"href":"https:\/\/logistic.wooworld.eu\/en\/wp-json\/wp\/v2\/pages"}],"about":[{"href":"https:\/\/logistic.wooworld.eu\/en\/wp-json\/wp\/v2\/types\/page"}],"author":[{"embeddable":true,"href":"https:\/\/logistic.wooworld.eu\/en\/wp-json\/wp\/v2\/users\/1"}],"replies":[{"embeddable":true,"href":"https:\/\/logistic.wooworld.eu\/en\/wp-json\/wp\/v2\/comments?post=497"}],"version-history":[{"count":3,"href":"https:\/\/logistic.wooworld.eu\/en\/wp-json\/wp\/v2\/pages\/497\/revisions"}],"predecessor-version":[{"id":1198,"href":"https:\/\/logistic.wooworld.eu\/en\/wp-json\/wp\/v2\/pages\/497\/revisions\/1198"}],"wp:attachment":[{"href":"https:\/\/logistic.wooworld.eu\/en\/wp-json\/wp\/v2\/media?parent=497"}],"curies":[{"name":"wp","href":"https:\/\/api.w.org\/{rel}","templated":true}]}}